{"id":23941,"date":"2021-02-03T08:55:25","date_gmt":"2021-02-03T07:55:25","guid":{"rendered":"https:\/\/www.flexibee.eu\/stiahnutie-abra-flexi-pre-registrovanych-klientov\/"},"modified":"2021-02-03T08:55:25","modified_gmt":"2021-02-03T07:55:25","slug":"stiahnutie-abra-flexi-pre-registrovanych-klientov","status":"publish","type":"page","link":"https:\/\/dev.flexibee.eu\/sk\/stiahnutie-abra-flexi-pre-registrovanych-klientov\/","title":{"rendered":"Stiahnutie ABRA Flexi pre registrovan\u00fdch klientov"},"content":{"rendered":"\n<p><style><![CDATA[<![CDATA[\r\n.tab-content {<br \/>\r\n  background: #fff;<br \/>\r\n  padding: 20px 20px 0;<br \/>\r\n  border: 1px solid #ddd;<br \/>\r\n  border-top: none;<br \/>\r\n  border-radius: 0 0 4px 4px;<br \/>\r\n}<br \/>\r\n]]]]><![CDATA[>]]><\/style><\/p>\n\n<p>Stiahnite si najnov\u0161iu verziu klientskej aplik\u00e1cie ABRA Flexi verzie 2026.3.3. <a href=\"https:\/\/www.flexibee.eu\/k\/prehled-verzi-flexibee\/\">Preh\u013ead zmien<\/a> a noviniek v jednotliv\u00fdch verzi\u00e1ch.<\/p>\n<div class=\"access-box\" style=\"margin-bottom: 3em; font-size: 1.2em;\">Chcete <strong>ABRA<\/strong> Flexi vysk\u00fa\u0161a\u0165? <a href=\"\/ceny-a-varianty\/zacnete-zdarma\/\">Zaregistrujte se<\/a> zdarma.<\/div>\r\n<div data-component=\"Tabs\" class=\"tabs--withLabel\" data-component-options=\"{\" accordion=\"\">\r\n    <ul class=\"tabs-anchors tabs-anchors--orange tabs-anchors--big\" data-ref-tabs-anchors=\"\"><li class=\"is-active\">\r\n            <a href=\"#universal\"><span>Univerz\u00e1lny bal\u00ed\u010dek<\/span>\r\n                <span class=\"note\">pre lok\u00e1lnu alebo sie\u0165ov\u00fa in\u0161tal\u00e1ciu<\/span>\r\n            <\/a>\r\n        <\/li>\r\n        <li>\r\n            <a href=\"#client\"><span>Klientsk\u00fd bal\u00ed\u010dek<\/span>\r\n                <span class=\"note\">pre prip\u00e1janie do cloudu alebo k vlastn\u00e9mu serveru<\/span>\r\n            <\/a>\r\n            <\/li>\r\n    <\/ul><div class=\"tabs-wrap\">\r\n        <div class=\"tabs-content is-active\" id=\"universal\">\r\n            <h2>ABRA Flexi (2026.3.3)<\/h2>\r\n            <div class=\"row downloads\">\n        <div class=\"col-4\">\n        <article class=\"card-product\" class=\"row-platform-selected\">\n            <h2 class=\"entry-title\">Windows<\/h2>\n            <div class=\"text-center\">\n                <p><span class=\"fa fa-windows fa-4x\"><\/span><\/p>\n                <p>\n                    <small>\n                        <a href=\"\/systemove-pozadavky\/#windows\" title=\"syst\u00e9mov\u00e9 po\u017eadavky\">\n                            Syst\u00e9mov\u00e9 po\u017eiadavky                        <\/a>\n                    <\/small>\n                <\/p>\n                <p>294 MB<\/p>\n                                <p><a href=\"https:\/\/download.flexibee.eu\/download\/2026.3\/2026.3.3\/FlexiBee-2026.3.3.exe\" download=\"ABRAFlexi-2026.3.3.exe\"\n                        class=\"btn button--orange\">\n                        <span>Stiahnu\u0165<\/span><\/a><\/p>\n            <\/div>\n        <\/article>\n    <\/div>\n            <div class=\"col-4\">\n        <article class=\"card-product\" >\n            <h2 class=\"entry-title\">Mac OS X<\/h2>\n            <div class=\"text-center\">\n                <p><span class=\"fa fa-apple fa-4x\"><\/span><\/p>\n                <p>\n                    <small>\n                        <a href=\"\/systemove-pozadavky\/#macosx\"\n                            title=\"syst\u00e9mov\u00e9 po\u017eadavky\">Syst\u00e9mov\u00e9 po\u017eiadavky<\/a>\n                    <\/small>\n                <\/p>\n                <p>302 MB<\/p>\n                                <a href=\"https:\/\/download.flexibee.eu\/download\/2026.3\/2026.3.3\/FlexiBee-2026.3.3.dmg\" download=\"ABRAFlexi-2026.3.3.dmg\"\n                    class=\"btn button--empty-orange\">\n                    <span>Stiahnu\u0165<\/span><\/a><\/p>\n            <\/div>\n        <\/article>\n    <\/div>\n    \n\n                <div class=\"col-4\">\n        <article class=\"card-product\" >\n            <h2 class=\"entry-title\">Linux<\/h2>\n            <div class=\"text-center\">\n                <p><span class=\"fa fa-linux fa-4x\"><\/span><\/p>\n                <p><small><a href=\"\/systemove-pozadavky\/#linux\"\n                            title=\"syst\u00e9mov\u00e9 po\u017eadavky\">Syst\u00e9mov\u00e9 po\u017eiadavky<\/a><\/small><\/p>\n                <p>178 MB<\/p>\n                <p><a href=\"\/stazeni-ekonomickeho-systemu-flexibee-linux\/\"\n                        class=\"btn button--empty-orange\">\n                        <span>Vybra\u0165 distrib\u00faciu<\/span><\/a><\/p>\n            <\/div>\n        <\/article>\n    <\/div>\n    \n    <script>\njQuery(document).ready(function( $ ) {\n\tjQuery('.row-platform-selected').popover({\n\t    content: 'T\u00e1to verzia je vhodn\u00e1 pre V\u00e1\u0161 opera\u010dn\u00fd syst\u00e9m.',\n\t    animation: true,\n\t    trigger: 'hover',\n\t    placement: 'bottom',\n\t});\n});\n<\/script>\n\n\n\n<\/div><br \/><div class=\"note\">Stiahnut\u00edm in\u0161tala\u010dn\u00e9ho bal\u00ed\u010dku vyjadrujete s\u00fahlas s\u00a0<a href=\"\/eula\/\">obchodn\u00fdmi podmienkami pou\u017eitia produktu<\/a>.\r\n            <p>Tento bal\u00ed\u010dek je ur\u010den\u00fd pre lok\u00e1lnu in\u0161tal\u00e1ciu na maxim\u00e1lne jeden po\u010d\u00edta\u010d alebo pre in\u0161tal\u00e1ciu na vlastn\u00fd server.<\/p>\r\n            \r\n        <\/div>\r\n\r\n    <\/div>\r\n    <div class=\"tabs-content\" id=\"client\">\r\n        <h2>ABRA Flexi klient (2026.3.3)<\/h2>\r\n        <div class=\"row downloads\">\n        <div class=\"col-4\">\n        <article class=\"card-product\" class=\"row-platform-selected\">\n            <h2 class=\"entry-title\">Windows<\/h2>\n            <div class=\"text-center\">\n                <p><span class=\"fa fa-windows fa-4x\"><\/span><\/p>\n                <p>\n                    <small>\n                        <a href=\"\/systemove-pozadavky\/#windows\" title=\"syst\u00e9mov\u00e9 po\u017eadavky\">\n                            Syst\u00e9mov\u00e9 po\u017eiadavky                        <\/a>\n                    <\/small>\n                <\/p>\n                <p>257 MB<\/p>\n                                <p><a href=\"https:\/\/download.flexibee.eu\/download\/2026.3\/2026.3.3\/FlexiBee-client-2026.3.3.exe\" download=\"ABRAFlexi-client-2026.3.3.exe\"\n                        class=\"btn button--orange\">\n                        <span>Stiahnu\u0165<\/span><\/a><\/p>\n            <\/div>\n        <\/article>\n    <\/div>\n            <div class=\"col-4\">\n        <article class=\"card-product\" >\n            <h2 class=\"entry-title\">Mac OS X<\/h2>\n            <div class=\"text-center\">\n                <p><span class=\"fa fa-apple fa-4x\"><\/span><\/p>\n                <p>\n                    <small>\n                        <a href=\"\/systemove-pozadavky\/#macosx\"\n                            title=\"syst\u00e9mov\u00e9 po\u017eadavky\">Syst\u00e9mov\u00e9 po\u017eiadavky<\/a>\n                    <\/small>\n                <\/p>\n                <p>255 MB<\/p>\n                                <a href=\"https:\/\/download.flexibee.eu\/download\/2026.3\/2026.3.3\/FlexiBee-client-2026.3.3.dmg\" download=\"ABRAFlexi-client-2026.3.3.dmg\"\n                    class=\"btn button--empty-orange\">\n                    <span>Stiahnu\u0165<\/span><\/a><\/p>\n            <\/div>\n        <\/article>\n    <\/div>\n    \n\n                <div class=\"col-4\">\n        <article class=\"card-product\" >\n            <h2 class=\"entry-title\">Linux<\/h2>\n            <div class=\"text-center\">\n                <p><span class=\"fa fa-linux fa-4x\"><\/span><\/p>\n                <p><small><a href=\"\/systemove-pozadavky\/#linux\"\n                            title=\"syst\u00e9mov\u00e9 po\u017eadavky\">Syst\u00e9mov\u00e9 po\u017eiadavky<\/a><\/small><\/p>\n                <p>178 MB<\/p>\n                <p><a href=\"\/stazeni-ekonomickeho-systemu-flexibee-linux\/?client=true\"\n                        class=\"btn button--empty-orange\">\n                        <span>Vybra\u0165 distrib\u00faciu<\/span><\/a><\/p>\n            <\/div>\n        <\/article>\n    <\/div>\n    \n    <script>\njQuery(document).ready(function( $ ) {\n\tjQuery('.row-platform-selected').popover({\n\t    content: 'T\u00e1to verzia je vhodn\u00e1 pre V\u00e1\u0161 opera\u010dn\u00fd syst\u00e9m.',\n\t    animation: true,\n\t    trigger: 'hover',\n\t    placement: 'bottom',\n\t});\n});\n<\/script>\n\n\n\n<\/div><br \/><div class=\"note\">Stiahnut\u00edm in\u0161tala\u010dn\u00e9ho bal\u00ed\u010dku vyjadrujete s\u00fahlas s\u00a0<a href=\"\/eula\/\">obchodn\u00fdmi podmienkami pou\u017eitia produktu<\/a>.<\/div>\r\n        <br \/><h2>Vykonajte nastavenie adresy serveru<\/h2>\r\n        \n<div class=\"autoconfig-automatic\">\n    <h2>Prove\u010fte nastaven\u00ed adresy serveru<\/h2>\n    <div class=\"row\">\n        <div class=\"col-sm-4\">\n\n            <div class=\"server-list\"><\/div>\n\n            \n\n            <script>\n            function initServers(data) {\n                var s;\n                var duplDetect = {};\n                var str = '<div class=\"list-group\"><\/div>';\n                $(\".server-list\").empty();\n                $(\".server-list\").append(str);\n\n                var i = 0;\n                var hasAny = false;\n                for (s in data.servers) {\n                    var server = data.servers[s];\n                    if (!duplDetect[server.url]) {\n                        i++;\n\n                        if ((server.port == \"80\" || server.port == \"443\") && server.server.match(\n                                \/.*\\.flexibee\\.eu\/gi)) {\n                            server.port = \"5434\";\n                        }\n\n                        var url = \"\/tools\/connection\/?host=\" + encodeURIComponent(server.server) + \"&port=\" +\n                            encodeURIComponent(server.port) + \"&name=\" + encodeURIComponent(server.name);\n                        if (server.cloud) {\n                            url += \"&cloud=true\";\n                        }\n\n                        server.downloadUrl = url;\n                        server.index = i;\n\n                        var line = \"<a class=\\\"list-group-item autoconfig-line-item autoconfig-line-item-\" + i +\n                            \"\\\" href=\\\"\" + server.url + \"\\\"><strong class=\\\"list-group-item-heading\\\">\" + server.name +\n                            \"<\/strong>\";\n                        if (server.cloud) {\n                            line += '<span class=\"badge\"><span class=\"glyphicon glyphicon-cloud\"><\/span><\/span>'\n                        }\n                        line += \"<br\/><small>\" + server.server + \"<\/small><\/a>\";\n\n                        var f = function(server) {\n                            $(\".config-port\").text(server.port);\n                            $(\".config-host\").text(server.server);\n                            $(\".autoconfig-line-item\").removeClass(\"autoconfig-selected\");\n                            $(\".autoconfig-line-item-\" + server.index).addClass(\"autoconfig-selected\");\n                            $(\".config-url\").attr('href', server.downloadUrl);\n                            $(\".autoconfig-automatic\").show();\n                            if (server.lickey) {\n                                $(\".autoconfig-license-url\").attr('href', '\/moje-licence\/?key=' + server.lickey);\n                                $(\".autoconfig-license-url\").show();\n                            } else {\n                                $(\".autoconfig-license-url\").hide();\n                            }\n\n                            $(\".autoconfig-manual\").addClass(\"autoconfig-manual-hidden\");\n                        }\n\n                        $(line).bind('click', {\n                            server: server\n                        }, function(event) {\n                            f(event.data.server);\n                            return false;\n                        }).appendTo(\".server-list .list-group\");\n                        duplDetect[server.url] = 1;\n\n                        if (hasAny == false) {\n                            \/* fire initialization by hand *\/\n                            f(server);\n                            hasAny = true;\n                        }\n                    }\n                }\n\n                var line = \"<a class=\\\"list-group-item autoconfig-line-item autoconfig-line-item-default\\\" href=\\\"\" +\n                    \"#\" +\n                    \"\\\"><strong class=\\\"list-group-item-heading\\\">Vlastn\u00ed server<\/strong>\";\n                line += \"<br\/><small>Server na vlastn\u00ed adrese<\/small><\/a>\";\n                $(line).appendTo(\".server-list .list-group\").click(function(e) {\n                    $(\".config-port\").text(\"5434\");\n                    $(\".config-host\").text(\"adresa serveru\");\n                    $(\".autoconfig-automatic\").hide();\n                    $(\".autoconfig-manual\").removeClass(\"autoconfig-manual-hidden\");\n                    $(\".autoconfig-line-item\").removeClass(\"autoconfig-selected\");\n                    $(\".autoconfig-line-item-default\").addClass(\"autoconfig-selected\");\n                    $(\".autoconfig-license-url\").hide();\n                    e.preventDefault();\n                });\n\n                if (hasAny) {\n                    $('.nav-tabs a[href=\"#client\"]').each(function() {\n                        $(this).tab('show');\n                    });\n                } else {\n                    $(\".autoconfig-automatic\").hide();\n\n                }\n            }\n\n            jQuery(document).ready(function($) {\n                jQuery('#config-url').popover({\n                    content: 'Ulo\u017een\u00edm a otev\u0159en\u00edm konfigura\u010dn\u00edho souboru dojde k automatick\u00e9mu nastaven\u00ed p\u0159ipojen\u00ed k server\u016fm Flexi.',\n                    animation: true,\n                    trigger: 'hover',\n                    placement: 'right',\n                });\n\n                jQuery(\".manual-config-button\").click(function() {\n                    jQuery('#myModal').modal('show');\n                });\n            });\n            <\/script>\n\n            <script>\nvar globalData = {\n    servers: []\n};\n\n\njQuery(document).ready(function($) {\n    $.ajax({\n        url: \"http:\/\/dev.flexibee.eu\/blog\/my\/api\",\n        dataType: \"json\",\n        xhrFields: {\n            withCredentials: true\n        }\n    }).done(function(data) {\n        if (data.servers) {\n            globalData.servers.push.apply(globalData.servers, data.servers);\n        }\n\n    });\n    initServers(globalData);\n});\n<\/script>\n                    <\/div>\n        <div class=\"col-sm-8\">\n            \n            <p>St\u00e1hn\u011bte a spus\u0165te licen\u010dn\u00ed soubor, kter\u00fd zajist\u00ed nastaven\u00ed p\u0159ipojen\u00ed k va\u0161im dat\u016fm.\n                <a href=\"\" class=\"autoconfig-license-url\"\n                    style=\"display:none;white-space:nowrap\">Informace o licenci&nbsp;<i\n                        class=\"glyphicon glyphicon-info-sign\"><\/i><\/a>.\n            <\/p>\n            <a href=\"#\" class=\"config-url btn btn--orange\"><span>St\u00e1hnout licen\u010dn\u00ed soubor <i\n                        class=\"fa fa-download\"><\/i><\/span><\/a>\n            <br><br>\n            <p class=\"note\">P\u0159ipojen\u00ed k va\u0161im dat\u016fm m\u016f\u017eete <a href=\"#\"\n                    class=\"manual-config-button\">nastavit ru\u010dn\u011b<\/a>.\n            <\/p>\n        <\/div>\n\n        <!-- Modal -->\n        <div class=\"modal fade\" id=\"myModal\" tabindex=\"-1\" role=\"dialog\" aria-labelledby=\"myModalLabel\"\n            aria-hidden=\"true\">\n            <div class=\"modal-dialog\">\n                <div class=\"modal-content\">\n                    <div class=\"modal-header\">\n                        <h4 class=\"modal-title\" id=\"myModalLabel\">\n                            Ru\u010dn\u00ed nastaven\u00ed datov\u00e9ho zdroje<\/h4>\n                        <button type=\"button\" class=\"close\" data-dismiss=\"modal\" aria-label=\"Close\">\n                            <span aria-hidden=\"true\">&times;<\/span>\n                        <\/button>\n                    <\/div>\n                    <div class=\"modal-body\">\n                        <ol>\n                            <li>Pust\u0165e aplikaci ABRA Flexi.<\/li>\n                            <li>P\u0159i zobrazen\u00ed p\u0159ihla\u0161ovac\u00edho formul\u00e1\u0159e, zvolte ikonku <i\n                                    class=\"genericon genericon-cog\"><\/i> a otev\u0159ete                                <em>Nastaven\u00ed datov\u00fdch zdroj\u016f<\/em>.\n                            <\/li>\n                            <li>P\u0159idejte nov\u00fd datov\u00fd zdroj na server <span\n                                    class=\"config-host server-url\">adresa serveru<\/span>\n                                a s portem <span class=\"config-port server-url\">5434<\/span>\n                                (v\u00edce o <a href=\"\/produkty\/flexibee\/dokumentace\/reseni\/konfigurace-datovych-zdroju\/\">spr\u00e1v\u011b datov\u00fdch zdroj\u016f<\/a>).\n                            <\/li>\n                        <\/ol>\n                    <\/div>\n                    <div class=\"modal-footer\">\n                        <button type=\"button\" class=\"btn btn--orange\" data-dismiss=\"modal\">\n                            <span>Zav\u0159\u00edt okno<\/span><\/button>\n                    <\/div>\n                <\/div>\n            <\/div>\n        <\/div>\n\n\n            <\/div>\n    <\/div>\n<div class=\"clearfix\"><\/div>\r\n    <\/div>\r\n<\/div>\r\n<\/div>\r\n<!--<section class=\"section section--full-gray section-banner-contact\">\r\n    \r\n<div class=\"container\">\r\n    <div id=\"mc_embed_signup\">\r\n        <form id=\"mc-embedded-subscribe-form\" class=\"validate\" action=\"\/\/abra.us6.list-manage.com\/subscribe\/post?u=5517ba0a03f3f8a576ff4bac9&id=ea62396d3d\" method=\"post\" name=\"mc-embedded-subscribe-form\" novalidate=\"\" target=\"_blank\">\r\n            <div class=\"text-input with--button\" data-component=\"TextInput\">\r\n                <label for=\"mce-EMAIL\">Posiela\u0165 e-maily o nov\u00fdch verzi\u00e1ch ABRA Flexi<\/label>\r\n                <input id=\"mce-EMAIL\" class=\"email\" name=\"EMAIL\" required=\"\" type=\"email\" value=\"\" placeholder=\"e-mailov\u00e1 adresa\"\/><!-- real people should not fill this in and expect good things - do not remove this or risk form bot signups-->\r\n<!--\r\n                <div style=\"position: absolute; left: -5000px;\"><input tabindex=\"-1\" name=\"b_5517ba0a03f3f8a576ff4bac9_ea62396d3d\" type=\"text\" value=\"\"\/><\/div>\r\n    \r\n                <button id=\"mc-embedded-subscribe\" class=\"button button--orange\" name=\"subscribe\" type=\"submit\">\r\n                    <span>Prihl\u00e1si\u0165 sa k odberu<\/span>\r\n                <\/button>\r\n            <\/div>\r\n        <\/form>\r\n    <\/div>\r\n<\/div>\r\n<\/section>-->\r\n","protected":false},"excerpt":{"rendered":"<p>Stiahnite si najnov\u0161iu verziu klientskej aplik\u00e1cie ABRA Flexi verzie . Preh\u013ead zmien a noviniek v jednotliv\u00fdch verzi\u00e1ch. Chcete ABRA Flexi vysk\u00fa\u0161a\u0165? Zaregistrujte se zdarma. Univerz\u00e1lny bal\u00ed\u010dek pre lok\u00e1lnu alebo sie\u0165ov\u00fa in\u0161tal\u00e1ciu Klientsk\u00fd bal\u00ed\u010dek pre prip\u00e1janie do cloudu alebo k vlastn\u00e9mu serveru ABRA Flexi () Stiahnut\u00edm in\u0161tala\u010dn\u00e9ho bal\u00ed\u010dku vyjadrujete s\u00fahlas s\u00a0obchodn\u00fdmi podmienkami pou\u017eitia produktu. Tento bal\u00ed\u010dek [&hellip;]<\/p>\n","protected":false},"author":2,"featured_media":0,"parent":0,"menu_order":21,"comment_status":"closed","ping_status":"closed","template":"page-nosub.php","meta":{"spay_email":""},"yoast_head":"<!-- This site is optimized with the Yoast SEO plugin v15.6.2 - https:\/\/yoast.com\/wordpress\/plugins\/seo\/ -->\n<meta name=\"description\" content=\"Stiahnite si desktopov\u00e9ho klienta Flexi pre Windows, Mac OS X a Linux.\" \/>\n<meta name=\"robots\" content=\"index, follow, max-snippet:-1, max-image-preview:large, max-video-preview:-1\" \/>\n<link rel=\"canonical\" href=\"https:\/\/dev.flexibee.eu\/sk\/stiahnutie-abra-flexi-pre-registrovanych-klientov\/\" \/>\n<meta property=\"og:locale\" content=\"sk_SK\" \/>\n<meta property=\"og:type\" content=\"article\" \/>\n<meta property=\"og:title\" content=\"Stiahnutie - internetov\u00fd ekonomick\u00fd syst\u00e9m Flexi\" \/>\n<meta property=\"og:description\" content=\"Stiahnite si desktopov\u00e9ho klienta Flexi pre Windows, Mac OS X a Linux.\" \/>\n<meta property=\"og:url\" content=\"https:\/\/dev.flexibee.eu\/sk\/stiahnutie-abra-flexi-pre-registrovanych-klientov\/\" \/>\n<meta property=\"og:site_name\" content=\"ABRA Flexi\" \/>\n<meta property=\"article:publisher\" content=\"https:\/\/www.facebook.com\/FlexiBee\" \/>\n<meta name=\"twitter:label1\" content=\"Est. reading time\">\n\t<meta name=\"twitter:data1\" content=\"1 minute\">\n<script type=\"application\/ld+json\" class=\"yoast-schema-graph\">{\"@context\":\"https:\/\/schema.org\",\"@graph\":[{\"@type\":\"WebSite\",\"@id\":\"https:\/\/dev.flexibee.eu\/#website\",\"url\":\"https:\/\/dev.flexibee.eu\/\",\"name\":\"ABRA Flexi\",\"description\":\"online \\u00fa\\u010detn\\u00ed program\",\"potentialAction\":[{\"@type\":\"SearchAction\",\"target\":\"https:\/\/dev.flexibee.eu\/?s={search_term_string}\",\"query-input\":\"required name=search_term_string\"}],\"inLanguage\":\"sk-SK\"},{\"@type\":\"WebPage\",\"@id\":\"https:\/\/dev.flexibee.eu\/sk\/stiahnutie-abra-flexi-pre-registrovanych-klientov\/#webpage\",\"url\":\"https:\/\/dev.flexibee.eu\/sk\/stiahnutie-abra-flexi-pre-registrovanych-klientov\/\",\"name\":\"Stiahnutie - internetov\\u00fd ekonomick\\u00fd syst\\u00e9m Flexi\",\"isPartOf\":{\"@id\":\"https:\/\/dev.flexibee.eu\/#website\"},\"datePublished\":\"2021-02-03T07:55:25+00:00\",\"dateModified\":\"2021-02-03T07:55:25+00:00\",\"description\":\"Stiahnite si desktopov\\u00e9ho klienta Flexi pre Windows, Mac OS X a Linux.\",\"inLanguage\":\"sk-SK\",\"potentialAction\":[{\"@type\":\"ReadAction\",\"target\":[\"https:\/\/dev.flexibee.eu\/sk\/stiahnutie-abra-flexi-pre-registrovanych-klientov\/\"]}]}]}<\/script>\n<!-- \/ Yoast SEO plugin. -->","jetpack_shortlink":"https:\/\/wp.me\/P76FaG-6e9","_links":{"self":[{"href":"https:\/\/dev.flexibee.eu\/sk\/wp-json\/wp\/v2\/pages\/23941"}],"collection":[{"href":"https:\/\/dev.flexibee.eu\/sk\/wp-json\/wp\/v2\/pages"}],"about":[{"href":"https:\/\/dev.flexibee.eu\/sk\/wp-json\/wp\/v2\/types\/page"}],"author":[{"embeddable":true,"href":"https:\/\/dev.flexibee.eu\/sk\/wp-json\/wp\/v2\/users\/2"}],"replies":[{"embeddable":true,"href":"https:\/\/dev.flexibee.eu\/sk\/wp-json\/wp\/v2\/comments?post=23941"}],"version-history":[{"count":1,"href":"https:\/\/dev.flexibee.eu\/sk\/wp-json\/wp\/v2\/pages\/23941\/revisions"}],"predecessor-version":[{"id":23942,"href":"https:\/\/dev.flexibee.eu\/sk\/wp-json\/wp\/v2\/pages\/23941\/revisions\/23942"}],"wp:attachment":[{"href":"https:\/\/dev.flexibee.eu\/sk\/wp-json\/wp\/v2\/media?parent=23941"}],"curies":[{"name":"wp","href":"https:\/\/api.w.org\/{rel}","templated":true}]}}